{"id":24,"date":"2019-09-04T21:42:12","date_gmt":"2019-09-04T19:42:12","guid":{"rendered":"http:\/\/d.websupport.sk\/emerka.sk\/?page_id=24"},"modified":"2024-05-26T22:53:45","modified_gmt":"2024-05-26T20:53:45","slug":"o-nas","status":"publish","type":"page","link":"https:\/\/emerka.sk\/?page_id=24","title":{"rendered":"O n\u00e1s"},"content":{"rendered":"\n<figure class=\"wp-block-image size-large is-resized\"><img loading=\"lazy\" src=\"https:\/\/emerka.sk\/wp-content\/uploads\/2023\/05\/Emerka_Logo-1024x768.jpg\" alt=\"\" class=\"wp-image-789\" width=\"1205\" height=\"904\" srcset=\"https:\/\/emerka.sk\/wp-content\/uploads\/2023\/05\/Emerka_Logo-1024x768.jpg 1024w, https:\/\/emerka.sk\/wp-content\/uploads\/2023\/05\/Emerka_Logo-300x225.jpg 300w, https:\/\/emerka.sk\/wp-content\/uploads\/2023\/05\/Emerka_Logo-768x576.jpg 768w, https:\/\/emerka.sk\/wp-content\/uploads\/2023\/05\/Emerka_Logo-1536x1152.jpg 1536w, https:\/\/emerka.sk\/wp-content\/uploads\/2023\/05\/Emerka_Logo.jpg 2000w\" sizes=\"(max-width: 1205px) 100vw, 1205px\" \/><\/figure>\n\n\n\n<p class=\"has-large-font-size\"><em>Mil\u00ed rodi\u010dia, <\/em><\/p>\n\n\n\n<p class=\"has-large-font-size\"><em>v\u00edtame V\u00e1s na str\u00e1nke n\u00e1\u0161ho rodinn\u00e9ho centra. Te\u0161\u00edme  sa, \u017ee ste na \u0148u zav\u00edtali a ver\u00edme, \u017ee V\u00e1s \u0148ou podnietime aj k n\u00e1v\u0161teve u  n\u00e1s. Rodinn\u00e9 centrum Emerka (ROC) funguje ako ob\u010dianske zdru\u017eenie od  roku 2006. \u0160tatut\u00e1rnou z\u00e1stupky\u0148ou je Ing. Katar\u00edna Frimerov\u00e1. Vo  v\u00fdkonnom t\u00edme pracuje Andrea B\u00e9re\u0161ov\u00e1<\/em>.<\/p>\n\n\n\n<p class=\"has-large-font-size\"><em>Rodinn\u00e9 centrum ved\u00fa mami\u010dky &#8211; dobrovo\u013en\u00ed\u010dky, ktor\u00e9 sa staraj\u00fa o jeho chod.  \u010eal\u0161ie kurzy  zabezpe\u010duj\u00fa vy\u0161kolen\u00e9 lektorky.<\/em><\/p>\n\n\n\n<p class=\"has-large-font-size\"><em>Budeme radi, ak sa prid\u00e1te k na\u0161ej ve\u013ekej &#8222;rodine&#8220;, ak  m\u00e1te z\u00e1ujem sa akt\u00edvne a pravidelne podie\u013ea\u0165 pri organiz\u00e1cii Emerky,  m\u00f4\u017eete sa sta\u0165 aj \u010dlenom n\u00e1\u0161ho ob\u010dianskeho zdru\u017eenia. <\/em><\/p>\n\n\n\n<figure class=\"wp-block-image size-large is-resized\"><img loading=\"lazy\" src=\"https:\/\/emerka.sk\/wp-content\/uploads\/2022\/03\/DSC_6230-1024x684.jpg\" alt=\"\" class=\"wp-image-432\" width=\"1150\" height=\"768\" srcset=\"https:\/\/emerka.sk\/wp-content\/uploads\/2022\/03\/DSC_6230-1024x684.jpg 1024w, https:\/\/emerka.sk\/wp-content\/uploads\/2022\/03\/DSC_6230-300x200.jpg 300w, https:\/\/emerka.sk\/wp-content\/uploads\/2022\/03\/DSC_6230-768x513.jpg 768w, https:\/\/emerka.sk\/wp-content\/uploads\/2022\/03\/DSC_6230-1536x1025.jpg 1536w, https:\/\/emerka.sk\/wp-content\/uploads\/2022\/03\/DSC_6230-2048x1367.jpg 2048w\" sizes=\"(max-width: 1150px) 100vw, 1150px\" \/><\/figure>\n\n\n\n<p class=\"has-large-font-size\"><em>Prajeme si, aby ste u n\u00e1s na\u0161li to, \u010do h\u013ead\u00e1te : dobr\u00fa  spolo\u010dnos\u0165 , nov\u00fdch priate\u013eov pre svoje deti a pre seba a aby aj s  na\u0161ou pomocou, ste za\u017e\u00edvali kr\u00e1sne dni na materskej a rodi\u010dovskej  dovolenke. <\/em><\/p>\n\n\n\n<p class=\"has-large-font-size\"> Matersk\u00e9 centr\u00e1 s\u00fa mimovl\u00e1dne organiz\u00e1cie, preva\u017ene ob\u010dianske zdru\u017eenia,  ktor\u00e9 s\u00fa vytv\u00e1ran\u00e9 na z\u00e1klade potrieb rodi\u010dov. Zakladaj\u00fa ich preva\u017ene  matky na materskej a rodi\u010dovskej dovolenke. N\u00e1zov \u201ematersk\u00e9\u201c v\u0161ak  u&nbsp;niekoho mohol evokova\u0165 n\u00e1zor, \u017ee s\u00fa to miesta iba pre matky. Za\u010dal sa  teda pou\u017e\u00edva\u0165 aj n\u00e1zov \u201erodinn\u00e9\u201c, preto\u017ee tieto centr\u00e1 s\u00fa skuto\u010dne pre  cel\u00e9 rodiny.<\/p>\n\n\n\n<p class=\"has-large-font-size\"> S\u00fa to zariadenia a in\u0161tit\u00facie, ktor\u00e9 umo\u017e\u0148uj\u00fa komunitn\u00fd  \u017eivot rod\u00edn, otvoren\u00e9 bezpe\u010dn\u00e9 prostredie pre v\u0161etk\u00fdch n\u00e1v\u0161tevn\u00edkov.  Poskytuj\u00fa relax, psychohygienu, mo\u017enos\u0165 vytv\u00e1rania soci\u00e1lnych siet\u00ed,  osobn\u00e9ho rozvoja die\u0165a\u0165a aj rodi\u010da. Hlavn\u00fdm poslan\u00edm MC je pom\u00f4c\u0165 die\u0165a\u0165u t\u00fdm, \u017ee pom\u00e1haj\u00fa jeho rodi\u010dom! V na\u0161om centre poskytujeme:<\/p>\n\n\n\n<p class=\"has-large-font-size\">&#8211; poradenstvo v soci\u00e1lnej oblasti<\/p>\n\n\n\n<p class=\"has-large-font-size\">-organizujeme vzdel\u00e1vanie, \u0161kolenia, semin\u00e1re, konferencie, \u010di konzult\u00e1cie<\/p>\n\n\n\n<p class=\"has-large-font-size\">-vykon\u00e1vame publika\u010dn\u00fa \u010dinnos\u0165, tvorba a vyd\u00e1vanie metodick\u00fdch materi\u00e1lov pre potreby vzdel\u00e1vac\u00edch programov, zvy\u0161ovanie zru\u010dnost\u00ed<\/p>\n\n\n\n<p class=\"has-large-font-size\">-vykon\u00e1vame soci\u00e1lnu prevenciu, podporujeme v\u0161estrann\u00fa a komplexn\u00fa v\u00fdchovu det\u00ed, rod\u00edn, verejnosti ako ochranu pred negat\u00edvnymi vplyvmi<\/p>\n\n\n\n<p class=\"has-large-font-size\">-pomoc mlad\u00fdm rodin\u00e1m, rodin\u00e1m v \u0165a\u017ekej \u017eivotnej situ\u00e1cii, rodin\u00e1m s handicapovan\u00fdmi de\u0165mi, mnohodetn\u00fdm rodin\u00e1m a ostatn\u00fdm rodin\u00e1m vytvori\u0165 podnetn\u00e9 prostredie pre organizovanie v\u00fdchovn\u00fdch, vzdel\u00e1vac\u00edch, poradensk\u00fdch a vo\u013eno\u010dasov\u00fdch aktiv\u00edt.<\/p>\n\n\n\n<p><\/p>\n\n\n\n<p><\/p>\n\n\n\n<figure class=\"wp-block-image size-large is-resized\"><img loading=\"lazy\" src=\"https:\/\/emerka.sk\/wp-content\/uploads\/2022\/03\/DSC_6249-1024x684.jpg\" alt=\"\" class=\"wp-image-435\" width=\"1140\" height=\"761\" srcset=\"https:\/\/emerka.sk\/wp-content\/uploads\/2022\/03\/DSC_6249-1024x684.jpg 1024w, https:\/\/emerka.sk\/wp-content\/uploads\/2022\/03\/DSC_6249-300x200.jpg 300w, https:\/\/emerka.sk\/wp-content\/uploads\/2022\/03\/DSC_6249-768x513.jpg 768w, https:\/\/emerka.sk\/wp-content\/uploads\/2022\/03\/DSC_6249-1536x1025.jpg 1536w, https:\/\/emerka.sk\/wp-content\/uploads\/2022\/03\/DSC_6249-2048x1367.jpg 2048w\" sizes=\"(max-width: 1140px) 100vw, 1140px\" \/><\/figure>\n\n\n\n<p class=\"has-large-font-size\">\u010eal\u0161\u00edm  poslan\u00edm matersk\u00fdch centier je realiz\u00e1cia prevencie r\u00f4znych negat\u00edvnych  soci\u00e1lnych javov, predch\u00e1dzanie kr\u00edzam v&nbsp;rodine, udr\u017eiavania zdrav\u00fdch  rodinn\u00fdch vz\u0165ahov a&nbsp;vz\u0165ahov v miestnom spolo\u010denstve. Motivuj\u00fa spolo\u010dnos\u0165  pre rozvoj soci\u00e1lneho potenci\u00e1lu.<\/p>\n\n\n\n<p class=\"has-large-font-size\">Neziskov\u00e9 organiz\u00e1cie s\u00fa s\u00fa\u010das\u0165ou  tretieho  sektora. Jeho n\u00e1zvy ako  nez\u00e1visl\u00fd, mimovl\u00e1dny hovoria o tom, \u017ee tento sektor nie je z\u00e1visl\u00fd na  vl\u00e1de. Hovor\u00ed sa mu tie\u017e neziskov\u00fd sektor, \u010do znamen\u00e1, \u017ee jeho cie\u013eom  nie je zisk. Ak v\u0161ak dosiahne ist\u00fd zisk, nie je ur\u010den\u00fd pre zakladate\u013eov  ani \u010dlenov organiz\u00e1cie. <\/p>\n\n\n\n<p class=\"has-large-font-size\"><em> T\u00edm Emerky<\/em><\/p>\n\n\n\n<h2><\/h2>\n\n\n\n<p>&nbsp;&nbsp;&nbsp;&nbsp;&nbsp; <\/p>\n\n\n\n<p>&nbsp;&nbsp;&nbsp;&nbsp;&nbsp; <\/p>\n\n\n\n<p>&nbsp;&nbsp;&nbsp;&nbsp;&nbsp;&nbsp;&nbsp; <\/p>\n\n\n\n<p>&nbsp; &nbsp; &nbsp; <\/p>\n\n\n\n<h2><\/h2>\n","protected":false},"excerpt":{"rendered":"<p>Mil\u00ed rodi\u010dia, v\u00edtame V\u00e1s na str\u00e1nke n\u00e1\u0161ho rodinn\u00e9ho centra. Te\u0161\u00edme sa, \u017ee ste na \u0148u zav\u00edtali a ver\u00edme, \u017ee V\u00e1s \u0148ou podnietime aj k n\u00e1v\u0161teve u n\u00e1s. Rodinn\u00e9 centrum Emerka (ROC) funguje ako ob\u010dianske zdru\u017eenie od roku 2006. \u0160tatut\u00e1rnou z\u00e1stupky\u0148ou je Ing. Katar\u00edna Frimerov\u00e1. Vo v\u00fdkonnom t\u00edme pracuje Andrea B\u00e9re\u0161ov\u00e1. Rodinn\u00e9 centrum ved\u00fa mami\u010dky &#8211; <a class=\"read-more\" href=\"https:\/\/emerka.sk\/?page_id=24\">\u010cita\u0165 \u010falej<\/a><\/p>\n","protected":false},"author":1,"featured_media":0,"parent":0,"menu_order":0,"comment_status":"closed","ping_status":"closed","template":"","meta":{"ngg_post_thumbnail":0,"_monsterinsights_skip_tracking":false,"_monsterinsights_sitenote_active":false,"_monsterinsights_sitenote_note":"","_monsterinsights_sitenote_category":0},"_links":{"self":[{"href":"https:\/\/emerka.sk\/index.php?rest_route=\/wp\/v2\/pages\/24"}],"collection":[{"href":"https:\/\/emerka.sk\/index.php?rest_route=\/wp\/v2\/pages"}],"about":[{"href":"https:\/\/emerka.sk\/index.php?rest_route=\/wp\/v2\/types\/page"}],"author":[{"embeddable":true,"href":"https:\/\/emerka.sk\/index.php?rest_route=\/wp\/v2\/users\/1"}],"replies":[{"embeddable":true,"href":"https:\/\/emerka.sk\/index.php?rest_route=%2Fwp%2Fv2%2Fcomments&post=24"}],"version-history":[{"count":6,"href":"https:\/\/emerka.sk\/index.php?rest_route=\/wp\/v2\/pages\/24\/revisions"}],"predecessor-version":[{"id":1105,"href":"https:\/\/emerka.sk\/index.php?rest_route=\/wp\/v2\/pages\/24\/revisions\/1105"}],"wp:attachment":[{"href":"https:\/\/emerka.sk\/index.php?rest_route=%2Fwp%2Fv2%2Fmedia&parent=24"}],"curies":[{"name":"wp","href":"https:\/\/api.w.org\/{rel}","templated":true}]}}